{"id":382,"date":"2020-12-04T15:52:43","date_gmt":"2020-12-04T15:52:43","guid":{"rendered":"https:\/\/cartenav.com\/fr\/?page_id=382"},"modified":"2021-10-22T13:46:02","modified_gmt":"2021-10-22T13:46:02","slug":"contact","status":"publish","type":"page","link":"https:\/\/cartenav.com\/fr\/contact\/","title":{"rendered":"Nous Contacter"},"content":{"rendered":"\n<div class=\"wp-block-columns is-layout-flex wp-container-core-columns-is-layout-9d6595d7 wp-block-columns-is-layout-flex\">\n<div class=\"wp-block-column is-layout-flow wp-block-column-is-layout-flow\">\n<h2 class=\"wp-block-heading\" class=\"wp-block-heading\" id=\"email\">Email<\/h2>\n\n\n\n<p>Soutien: <a rel=\"noreferrer noopener\" href=\"mailto:information@cartenav.com\" target=\"_blank\">support@cartenav.com<\/a><br>Ventes: <a href=\"mailto:team@cartenav.com\">team@cartenav.com<\/a><br>Carri\u00e8res: <a href=\"mailto:careers@cartenav.com\">careers@cartenav.com<\/a><br><\/p>\n<\/div>\n\n\n\n<div class=\"wp-block-column is-layout-flow wp-block-column-is-layout-flow\" style=\"flex-basis:5.7%\"><\/div>\n\n\n\n<div class=\"wp-block-column is-layout-flow wp-block-column-is-layout-flow\">\n<h2 class=\"has-text-align-left wp-block-heading\" class=\"has-text-align-left wp-block-heading\" id=\"quartier-general\"><strong>Quartier g\u00e9n\u00e9ral<\/strong><\/h2>\n\n\n\n<p class=\"has-text-align-left\">1959 Upper Water Street,<br>Suite 1700,&nbsp;Purdy&rsquo;s Tower 1,&nbsp;<br>Halifax, NS, Canada<br>B3J 3N2<br>T: +1.902.446.4988<br>F: +1.902.446.4987<\/p>\n<\/div>\n<\/div>\n\n\n\n<p><\/p>\n","protected":false},"excerpt":{"rendered":"<p>Email Soutien: support@cartenav.comVentes: team@cartenav.comCarri\u00e8res: careers@cartenav.com Quartier g\u00e9n\u00e9ral 1959 Upper Water Street,Suite 1700,&nbsp;Purdy&rsquo;s Tower 1,&nbsp;Halifax, NS, CanadaB3J 3N2T: +1.902.446.4988F: +1.902.446.4987<\/p>\n","protected":false},"author":2,"featured_media":383,"parent":0,"menu_order":0,"comment_status":"closed","ping_status":"closed","template":"","meta":{"_acf_changed":false,"footnotes":""},"class_list":["post-382","page","type-page","status-publish","has-post-thumbnail","hentry"],"acf":[],"_links":{"self":[{"href":"https:\/\/cartenav.com\/fr\/wp-json\/wp\/v2\/pages\/382","targetHints":{"allow":["GET"]}}],"collection":[{"href":"https:\/\/cartenav.com\/fr\/wp-json\/wp\/v2\/pages"}],"about":[{"href":"https:\/\/cartenav.com\/fr\/wp-json\/wp\/v2\/types\/page"}],"author":[{"embeddable":true,"href":"https:\/\/cartenav.com\/fr\/wp-json\/wp\/v2\/users\/2"}],"replies":[{"embeddable":true,"href":"https:\/\/cartenav.com\/fr\/wp-json\/wp\/v2\/comments?post=382"}],"version-history":[{"count":0,"href":"https:\/\/cartenav.com\/fr\/wp-json\/wp\/v2\/pages\/382\/revisions"}],"wp:featuredmedia":[{"embeddable":true,"href":"https:\/\/cartenav.com\/fr\/wp-json\/wp\/v2\/media\/383"}],"wp:attachment":[{"href":"https:\/\/cartenav.com\/fr\/wp-json\/wp\/v2\/media?parent=382"}],"curies":[{"name":"wp","href":"https:\/\/api.w.org\/{rel}","templated":true}]}}